{"id":1209,"date":"2024-09-12T14:12:35","date_gmt":"2024-09-12T12:12:35","guid":{"rendered":"https:\/\/yes-solutionsbureautiques.fr\/?page_id=1209"},"modified":"2024-10-30T09:41:08","modified_gmt":"2024-10-30T08:41:08","slug":"groupeged","status":"publish","type":"page","link":"https:\/\/yes-solutionsbureautiques.fr\/?page_id=1209","title":{"rendered":"GroupeGED"},"content":{"rendered":"\t\t<div data-elementor-type=\"wp-page\" data-elementor-id=\"1209\" class=\"elementor elementor-1209\" data-elementor-post-type=\"page\">\n\t\t\t\t<div class=\"elementor-element elementor-element-4c770e1 e-transform e-flex e-con-boxed e-con e-parent\" data-id=\"4c770e1\" data-element_type=\"container\" data-e-type=\"container\" data-settings=\"{&quot;background_background&quot;:&quot;gradient&quot;,&quot;_transform_translateY_effect&quot;:{&quot;unit&quot;:&quot;px&quot;,&quot;size&quot;:-48,&quot;sizes&quot;:[]},&quot;_transform_translateX_effect&quot;:{&quot;unit&quot;:&quot;px&quot;,&quot;size&quot;:&quot;&quot;,&quot;sizes&quot;:[]},&quot;_transform_translateX_effect_tablet&quot;:{&quot;unit&quot;:&quot;px&quot;,&quot;size&quot;:&quot;&quot;,&quot;sizes&quot;:[]},&quot;_transform_translateX_effect_mobile&quot;:{&quot;unit&quot;:&quot;px&quot;,&quot;size&quot;:&quot;&quot;,&quot;sizes&quot;:[]},&quot;_transform_translateY_effect_tablet&quot;:{&quot;unit&quot;:&quot;px&quot;,&quot;size&quot;:&quot;&quot;,&quot;sizes&quot;:[]},&quot;_transform_translateY_effect_mobile&quot;:{&quot;unit&quot;:&quot;px&quot;,&quot;size&quot;:&quot;&quot;,&quot;sizes&quot;:[]}}\">\n\t\t\t\t\t<div class=\"e-con-inner\">\n\t\t\t\t<div class=\"elementor-element elementor-element-e705465 elementor-headline--style-highlight elementor-invisible elementor-widget elementor-widget-animated-headline\" data-id=\"e705465\" data-element_type=\"widget\" data-e-type=\"widget\" data-settings=\"{&quot;highlighted_text&quot;:&quot;cr\\u00e9er&quot;,&quot;motion_fx_motion_fx_mouse&quot;:&quot;yes&quot;,&quot;_animation&quot;:&quot;zoomIn&quot;,&quot;headline_style&quot;:&quot;highlight&quot;,&quot;marker&quot;:&quot;circle&quot;,&quot;loop&quot;:&quot;yes&quot;,&quot;highlight_animation_duration&quot;:1200,&quot;highlight_iteration_delay&quot;:8000}\" data-widget_type=\"animated-headline.default\">\n\t\t\t\t<div class=\"elementor-widget-container\">\n\t\t\t\t\t\t\t<h3 class=\"elementor-headline\">\n\t\t\t\t\t<span class=\"elementor-headline-plain-text elementor-headline-text-wrapper\">\"Acteur du changement \"La meilleure fa\u00e7on d'anticiper notre futur, c'est de le<\/span>\n\t\t\t\t<span class=\"elementor-headline-dynamic-wrapper elementor-headline-text-wrapper\">\n\t\t\t\t\t<span class=\"elementor-headline-dynamic-text elementor-headline-text-active\">cr\u00e9er<\/span>\n\t\t\t\t<\/span>\n\t\t\t\t\t<span class=\"elementor-headline-plain-text elementor-headline-text-wrapper\">\"<\/span>\n\t\t\t\t\t<\/h3>\n\t\t\t\t\t\t<\/div>\n\t\t\t\t<\/div>\n\t\t\t\t<div class=\"elementor-element elementor-element-a7e0ea9 elementor-button-success elementor-align-left elementor-widget__width-initial elementor-fixed e-transform e-transform e-transform elementor-invisible elementor-widget elementor-widget-button\" data-id=\"a7e0ea9\" data-element_type=\"widget\" data-e-type=\"widget\" data-settings=\"{&quot;_position&quot;:&quot;fixed&quot;,&quot;_animation&quot;:&quot;bounceInLeft&quot;,&quot;_transform_translateX_effect_hover&quot;:{&quot;unit&quot;:&quot;px&quot;,&quot;size&quot;:-50,&quot;sizes&quot;:[]},&quot;_transform_translateY_effect_hover&quot;:{&quot;unit&quot;:&quot;px&quot;,&quot;size&quot;:0,&quot;sizes&quot;:[]},&quot;_transform_translateY_effect_hover_tablet&quot;:{&quot;unit&quot;:&quot;custom&quot;,&quot;size&quot;:&quot;&quot;,&quot;sizes&quot;:[]},&quot;_transform_translateY_effect_hover_mobile&quot;:{&quot;unit&quot;:&quot;custom&quot;,&quot;size&quot;:&quot;&quot;,&quot;sizes&quot;:[]},&quot;_transform_rotateZ_effect&quot;:{&quot;unit&quot;:&quot;px&quot;,&quot;size&quot;:-90,&quot;sizes&quot;:[]},&quot;_transform_rotateZ_effect_hover&quot;:{&quot;unit&quot;:&quot;px&quot;,&quot;size&quot;:0,&quot;sizes&quot;:[]},&quot;_transform_rotateZ_effect_tablet&quot;:{&quot;unit&quot;:&quot;deg&quot;,&quot;size&quot;:&quot;&quot;,&quot;sizes&quot;:[]},&quot;_transform_rotateZ_effect_mobile&quot;:{&quot;unit&quot;:&quot;deg&quot;,&quot;size&quot;:&quot;&quot;,&quot;sizes&quot;:[]},&quot;_transform_rotateZ_effect_hover_tablet&quot;:{&quot;unit&quot;:&quot;deg&quot;,&quot;size&quot;:&quot;&quot;,&quot;sizes&quot;:[]},&quot;_transform_rotateZ_effect_hover_mobile&quot;:{&quot;unit&quot;:&quot;deg&quot;,&quot;size&quot;:&quot;&quot;,&quot;sizes&quot;:[]},&quot;_transform_translateX_effect_hover_tablet&quot;:{&quot;unit&quot;:&quot;px&quot;,&quot;size&quot;:&quot;&quot;,&quot;sizes&quot;:[]},&quot;_transform_translateX_effect_hover_mobile&quot;:{&quot;unit&quot;:&quot;px&quot;,&quot;size&quot;:&quot;&quot;,&quot;sizes&quot;:[]}}\" data-widget_type=\"button.default\">\n\t\t\t\t<div class=\"elementor-widget-container\">\n\t\t\t\t\t\t\t\t\t<div class=\"elementor-button-wrapper\">\n\t\t\t\t\t<a class=\"elementor-button elementor-button-link elementor-size-sm\" href=\"#elementor-action%3Aaction%3Dpopup%3Aopen%26settings%3DeyJpZCI6IjI0NDkiLCJ0b2dnbGUiOmZhbHNlfQ%3D%3D\">\n\t\t\t\t\t\t<span class=\"elementor-button-content-wrapper\">\n\t\t\t\t\t\t<span class=\"elementor-button-icon\">\n\t\t\t\t<svg xmlns=\"http:\/\/www.w3.org\/2000\/svg\" xmlns:xlink=\"http:\/\/www.w3.org\/1999\/xlink\" fill=\"#000000\" height=\"800px\" width=\"800px\" id=\"Capa_1\" viewBox=\"0 0 75.294 75.294\" xml:space=\"preserve\"><g>\t<path d=\"M66.097,12.089h-56.9C4.126,12.089,0,16.215,0,21.286v32.722c0,5.071,4.126,9.197,9.197,9.197h56.9   c5.071,0,9.197-4.126,9.197-9.197V21.287C75.295,16.215,71.169,12.089,66.097,12.089z M61.603,18.089L37.647,33.523L13.691,18.089   H61.603z M66.097,57.206h-56.9C7.434,57.206,6,55.771,6,54.009V21.457l29.796,19.16c0.04,0.025,0.083,0.042,0.124,0.065   c0.043,0.024,0.087,0.047,0.131,0.069c0.231,0.119,0.469,0.215,0.712,0.278c0.025,0.007,0.05,0.01,0.075,0.016   c0.267,0.063,0.537,0.102,0.807,0.102c0.001,0,0.002,0,0.002,0c0.002,0,0.003,0,0.004,0c0.27,0,0.54-0.038,0.807-0.102   c0.025-0.006,0.05-0.009,0.075-0.016c0.243-0.063,0.48-0.159,0.712-0.278c0.044-0.022,0.088-0.045,0.131-0.069   c0.041-0.023,0.084-0.04,0.124-0.065l29.796-19.16v32.551C69.295,55.771,67.86,57.206,66.097,57.206z\"><\/path><\/g><\/svg>\t\t\t<\/span>\n\t\t\t\t\t\t\t\t\t<span class=\"elementor-button-text\">Nous contacter<\/span>\n\t\t\t\t\t<\/span>\n\t\t\t\t\t<\/a>\n\t\t\t\t<\/div>\n\t\t\t\t\t\t\t\t<\/div>\n\t\t\t\t<\/div>\n\t\t\t\t\t<\/div>\n\t\t\t\t<\/div>\n\t\t<div class=\"elementor-element elementor-element-590a9c0 e-flex e-con-boxed e-con e-parent\" data-id=\"590a9c0\" data-element_type=\"container\" data-e-type=\"container\" data-settings=\"{&quot;background_background&quot;:&quot;classic&quot;}\">\n\t\t\t\t\t<div class=\"e-con-inner\">\n\t\t\t\t<div class=\"elementor-element elementor-element-238929f elementor-widget elementor-widget-image\" data-id=\"238929f\" data-element_type=\"widget\" data-e-type=\"widget\" data-widget_type=\"image.default\">\n\t\t\t\t<div class=\"elementor-widget-container\">\n\t\t\t\t\t\t\t\t\t\t\t\t\t\t\t<img fetchpriority=\"high\" decoding=\"async\" width=\"265\" height=\"452\" src=\"https:\/\/yes-solutionsbureautiques.fr\/wp-content\/uploads\/2024\/10\/eric2.png\" class=\"attachment-large size-large wp-image-2069\" alt=\"\" srcset=\"https:\/\/yes-solutionsbureautiques.fr\/wp-content\/uploads\/2024\/10\/eric2.png 265w, https:\/\/yes-solutionsbureautiques.fr\/wp-content\/uploads\/2024\/10\/eric2-176x300.png 176w\" sizes=\"(max-width: 265px) 100vw, 265px\" \/>\t\t\t\t\t\t\t\t\t\t\t\t\t\t\t<\/div>\n\t\t\t\t<\/div>\n\t\t\t\t<div class=\"elementor-element elementor-element-99d6ae3 elementor-widget__width-initial elementor-widget elementor-widget-text-editor\" data-id=\"99d6ae3\" data-element_type=\"widget\" data-e-type=\"widget\" data-widget_type=\"text-editor.default\">\n\t\t\t\t<div class=\"elementor-widget-container\">\n\t\t\t\t\t\t\t\t\t<p data-sourcepos=\"3:1-3:316\">Eric Ducruez, fondateur de Yes Solutions Bureautiques, est une figure incontournable du paysage entrepreneurial savoyard. Anim\u00e9 par une passion pour l&rsquo;innovation et un d\u00e9sir profond de contribuer au succ\u00e8s des entreprises de sa r\u00e9gion, il accompagne les jeunes entrepreneurs dans le d\u00e9veloppement de leurs projets.<\/p>\n<p data-sourcepos=\"5:1-5:301\">Dot\u00e9 d&rsquo;un esprit visionnaire et d&rsquo;une \u00e9nergie communicative, Eric Ducruez se positionne \u00e0 la pointe des avanc\u00e9es technologiques. En v\u00e9ritable \u00ab\u00a0G\u00e9o Trouvetou\u00a0\u00bb des temps modernes, il est en qu\u00eate constante de nouveaux produits et concepts pour optimiser l&rsquo;efficacit\u00e9 et la performance des entreprises.<\/p>\n<p data-sourcepos=\"7:1-7:282\">Soucieux d&rsquo;\u00e9tendre son champ d&rsquo;action et d&rsquo;offrir des solutions toujours plus compl\u00e8tes \u00e0 ses clients, Eric Ducruez a cr\u00e9\u00e9 le Groupe GED (Groupe Eric Ducruez). Ce groupe f\u00e9d\u00e8re plusieurs soci\u00e9t\u00e9s, lui permettant ainsi de g\u00e9n\u00e9rer des synergies et de r\u00e9aliser des \u00e9conomies d&rsquo;\u00e9chelle.<\/p>\n<p data-sourcepos=\"9:1-9:224\"><strong>Yes Solutions Bureautiques<\/strong>, pierre angulaire du Groupe GED, propose une gamme compl\u00e8te de solutions d&rsquo;impression, de gestion documentaire et d&rsquo;affichage dynamique aux entreprises de Savoie, Haute-Savoie, Ain, Is\u00e8re et Dr\u00f4me.<\/p>\n<p data-sourcepos=\"11:1-11:159\">Avec le Groupe GED, Eric Ducruez r\u00e9affirme sa volont\u00e9 d&rsquo;accompagner les entreprises dans leur croissance et de contribuer au dynamisme \u00e9conomique de la r\u00e9gion.<\/p>\n<p data-sourcepos=\"9:1-9:224\">\n<\/p>\t\t\t\t\t\t\t\t<\/div>\n\t\t\t\t<\/div>\n\t\t\t\t<div class=\"elementor-element elementor-element-c48b174 elementor-widget elementor-widget-image\" data-id=\"c48b174\" data-element_type=\"widget\" data-e-type=\"widget\" data-widget_type=\"image.default\">\n\t\t\t\t<div class=\"elementor-widget-container\">\n\t\t\t\t\t\t\t\t\t\t\t\t\t\t\t<img decoding=\"async\" width=\"265\" height=\"452\" src=\"https:\/\/yes-solutionsbureautiques.fr\/wp-content\/uploads\/2024\/10\/agnes2.png\" class=\"attachment-large size-large wp-image-2079\" alt=\"\" srcset=\"https:\/\/yes-solutionsbureautiques.fr\/wp-content\/uploads\/2024\/10\/agnes2.png 265w, https:\/\/yes-solutionsbureautiques.fr\/wp-content\/uploads\/2024\/10\/agnes2-176x300.png 176w\" sizes=\"(max-width: 265px) 100vw, 265px\" \/>\t\t\t\t\t\t\t\t\t\t\t\t\t\t\t<\/div>\n\t\t\t\t<\/div>\n\t\t\t\t\t<\/div>\n\t\t\t\t<\/div>\n\t\t<div class=\"elementor-element elementor-element-3dd624c e-grid e-con-boxed e-con e-parent\" data-id=\"3dd624c\" data-element_type=\"container\" data-e-type=\"container\">\n\t\t\t\t\t<div class=\"e-con-inner\">\n\t\t\t\t<div class=\"elementor-element elementor-element-ec8facd elementor-widget elementor-widget-heading\" data-id=\"ec8facd\" data-element_type=\"widget\" data-e-type=\"widget\" data-widget_type=\"heading.default\">\n\t\t\t\t<div class=\"elementor-widget-container\">\n\t\t\t\t\t<h2 class=\"elementor-heading-title elementor-size-default\">Quelques chiffres ...<\/h2>\t\t\t\t<\/div>\n\t\t\t\t<\/div>\n\t\t<div class=\"elementor-element elementor-element-76f2f34 e-grid e-con-full e-con e-child\" data-id=\"76f2f34\" data-element_type=\"container\" data-e-type=\"container\" data-settings=\"{&quot;background_background&quot;:&quot;classic&quot;}\">\n\t\t\t\t<div class=\"elementor-element elementor-element-db14c7b elementor-widget elementor-widget-counter\" data-id=\"db14c7b\" data-element_type=\"widget\" data-e-type=\"widget\" data-widget_type=\"counter.default\">\n\t\t\t\t<div class=\"elementor-widget-container\">\n\t\t\t\t\t\t\t<div class=\"elementor-counter\">\n\t\t\t<div class=\"elementor-counter-title\">Ann\u00e9es d'existence<\/div>\t\t\t<div class=\"elementor-counter-number-wrapper\">\n\t\t\t\t<span class=\"elementor-counter-number-prefix\"><\/span>\n\t\t\t\t<span class=\"elementor-counter-number\" data-duration=\"4000\" data-to-value=\"35\" data-from-value=\"0\" data-delimiter=\",\">0<\/span>\n\t\t\t\t<span class=\"elementor-counter-number-suffix\"><\/span>\n\t\t\t<\/div>\n\t\t<\/div>\n\t\t\t\t\t\t<\/div>\n\t\t\t\t<\/div>\n\t\t\t\t<div class=\"elementor-element elementor-element-57d4961 elementor-widget elementor-widget-counter\" data-id=\"57d4961\" data-element_type=\"widget\" data-e-type=\"widget\" data-widget_type=\"counter.default\">\n\t\t\t\t<div class=\"elementor-widget-container\">\n\t\t\t\t\t\t\t<div class=\"elementor-counter\">\n\t\t\t<div class=\"elementor-counter-title\">Collaborateurs<\/div>\t\t\t<div class=\"elementor-counter-number-wrapper\">\n\t\t\t\t<span class=\"elementor-counter-number-prefix\"><\/span>\n\t\t\t\t<span class=\"elementor-counter-number\" data-duration=\"4000\" data-to-value=\"12\" data-from-value=\"0\" data-delimiter=\",\">0<\/span>\n\t\t\t\t<span class=\"elementor-counter-number-suffix\"><\/span>\n\t\t\t<\/div>\n\t\t<\/div>\n\t\t\t\t\t\t<\/div>\n\t\t\t\t<\/div>\n\t\t\t\t<div class=\"elementor-element elementor-element-847cd02 elementor-widget elementor-widget-counter\" data-id=\"847cd02\" data-element_type=\"widget\" data-e-type=\"widget\" data-widget_type=\"counter.default\">\n\t\t\t\t<div class=\"elementor-widget-container\">\n\t\t\t\t\t\t\t<div class=\"elementor-counter\">\n\t\t\t<div class=\"elementor-counter-title\">Photocopieurs install\u00e9s<\/div>\t\t\t<div class=\"elementor-counter-number-wrapper\">\n\t\t\t\t<span class=\"elementor-counter-number-prefix\"><\/span>\n\t\t\t\t<span class=\"elementor-counter-number\" data-duration=\"4000\" data-to-value=\"5200\" data-from-value=\"0\" data-delimiter=\".\">0<\/span>\n\t\t\t\t<span class=\"elementor-counter-number-suffix\"><\/span>\n\t\t\t<\/div>\n\t\t<\/div>\n\t\t\t\t\t\t<\/div>\n\t\t\t\t<\/div>\n\t\t\t\t<div class=\"elementor-element elementor-element-79b2c38 elementor-widget elementor-widget-counter\" data-id=\"79b2c38\" data-element_type=\"widget\" data-e-type=\"widget\" data-widget_type=\"counter.default\">\n\t\t\t\t<div class=\"elementor-widget-container\">\n\t\t\t\t\t\t\t<div class=\"elementor-counter\">\n\t\t\t<div class=\"elementor-counter-title\">KWatts \u00e9conomis\u00e9s par jour<\/div>\t\t\t<div class=\"elementor-counter-number-wrapper\">\n\t\t\t\t<span class=\"elementor-counter-number-prefix\"><\/span>\n\t\t\t\t<span class=\"elementor-counter-number\" data-duration=\"4000\" data-to-value=\"1000\" data-from-value=\"0\" data-delimiter=\".\">0<\/span>\n\t\t\t\t<span class=\"elementor-counter-number-suffix\"><\/span>\n\t\t\t<\/div>\n\t\t<\/div>\n\t\t\t\t\t\t<\/div>\n\t\t\t\t<\/div>\n\t\t\t\t<\/div>\n\t\t\t\t\t<\/div>\n\t\t\t\t<\/div>\n\t\t\t\t<\/div>\n\t\t","protected":false},"excerpt":{"rendered":"<p>\u00ab\u00a0Acteur du changement \u00ab\u00a0La meilleure fa\u00e7on d&rsquo;anticiper notre futur, c&rsquo;est de le cr\u00e9er \u00ab\u00a0 Nous contacter Eric Ducruez, fondateur de Yes Solutions Bureautiques, est une figure incontournable du paysage entrepreneurial savoyard. Anim\u00e9 par une passion pour l&rsquo;innovation et un d\u00e9sir profond de contribuer au succ\u00e8s des entreprises de sa r\u00e9gion, il accompagne les jeunes entrepreneurs [&hellip;]<\/p>\n","protected":false},"author":2,"featured_media":0,"parent":0,"menu_order":0,"comment_status":"closed","ping_status":"closed","template":"","meta":{"footnotes":""},"class_list":["post-1209","page","type-page","status-publish","hentry"],"blocksy_meta":[],"_links":{"self":[{"href":"https:\/\/yes-solutionsbureautiques.fr\/index.php?rest_route=\/wp\/v2\/pages\/1209","targetHints":{"allow":["GET"]}}],"collection":[{"href":"https:\/\/yes-solutionsbureautiques.fr\/index.php?rest_route=\/wp\/v2\/pages"}],"about":[{"href":"https:\/\/yes-solutionsbureautiques.fr\/index.php?rest_route=\/wp\/v2\/types\/page"}],"author":[{"embeddable":true,"href":"https:\/\/yes-solutionsbureautiques.fr\/index.php?rest_route=\/wp\/v2\/users\/2"}],"replies":[{"embeddable":true,"href":"https:\/\/yes-solutionsbureautiques.fr\/index.php?rest_route=%2Fwp%2Fv2%2Fcomments&post=1209"}],"version-history":[{"count":67,"href":"https:\/\/yes-solutionsbureautiques.fr\/index.php?rest_route=\/wp\/v2\/pages\/1209\/revisions"}],"predecessor-version":[{"id":2936,"href":"https:\/\/yes-solutionsbureautiques.fr\/index.php?rest_route=\/wp\/v2\/pages\/1209\/revisions\/2936"}],"wp:attachment":[{"href":"https:\/\/yes-solutionsbureautiques.fr\/index.php?rest_route=%2Fwp%2Fv2%2Fmedia&parent=1209"}],"curies":[{"name":"wp","href":"https:\/\/api.w.org\/{rel}","templated":true}]}}