{"id":3393,"date":"2025-02-13T10:19:50","date_gmt":"2025-02-13T09:19:50","guid":{"rendered":"https:\/\/yes-solutionsbureautiques.fr\/?product=hp-laserjet-enterprise-m608x"},"modified":"2026-03-30T12:15:15","modified_gmt":"2026-03-30T10:15:15","slug":"hp-laserjet-enterprise-m608x","status":"publish","type":"product","link":"https:\/\/yes-solutionsbureautiques.fr\/?product=hp-laserjet-enterprise-m608x","title":{"rendered":"HP LaserJet Enterprise M608x"},"content":{"rendered":"<p style=\"margin:0\"><span style=\"font-family:Arial;font-size:10pt;font-weight:bold;color:#000000\">Imprimante &#8211; Monochrome &#8211; Recto-verso &#8211; Laser &#8211; A4\/Legal : R\u00e9solution jusqu`\u00e0 1200 ppp, Jusqu`\u00e0 61 ppm, Capacit\u00e9 : 650 feuilles, Interfaces : USB 2.0 \/ LAN \/ Wifi<wbr>(n) \/ H\u00f4te USB, AirPrint, WebJet Admin, \u00c9cran tactile<\/span><\/p>\n","protected":false},"excerpt":{"rendered":"<p>Imprimante &#8211; Monochrome &#8211; Recto-verso &#8211; Laser &#8211; A4\/Legal : R\u00e9solution jusqu`\u00e0 1200 ppp, Jusqu`\u00e0 61 ppm, Capacit\u00e9 : 650 feuilles, Interfaces : USB 2.0 \/ LAN \/ Wifi(n) \/ H\u00f4te USB, AirPrint, WebJet Admin, \u00c9cran tactile<\/p>\n","protected":false},"featured_media":6027,"template":"","meta":[],"product_brand":[],"product_cat":[44,31],"product_tag":[],"class_list":{"0":"post-3393","1":"product","2":"type-product","3":"status-publish","4":"has-post-thumbnail","6":"product_cat-im-materiel","7":"product_cat-impression","9":"first","10":"instock","11":"sale","12":"taxable","13":"shipping-taxable","14":"purchasable","15":"product-type-simple"},"_links":{"self":[{"href":"https:\/\/yes-solutionsbureautiques.fr\/index.php?rest_route=\/wp\/v2\/product\/3393","targetHints":{"allow":["GET"]}}],"collection":[{"href":"https:\/\/yes-solutionsbureautiques.fr\/index.php?rest_route=\/wp\/v2\/product"}],"about":[{"href":"https:\/\/yes-solutionsbureautiques.fr\/index.php?rest_route=\/wp\/v2\/types\/product"}],"version-history":[{"count":3,"href":"https:\/\/yes-solutionsbureautiques.fr\/index.php?rest_route=\/wp\/v2\/product\/3393\/revisions"}],"predecessor-version":[{"id":6028,"href":"https:\/\/yes-solutionsbureautiques.fr\/index.php?rest_route=\/wp\/v2\/product\/3393\/revisions\/6028"}],"wp:featuredmedia":[{"embeddable":true,"href":"https:\/\/yes-solutionsbureautiques.fr\/index.php?rest_route=\/wp\/v2\/media\/6027"}],"wp:attachment":[{"href":"https:\/\/yes-solutionsbureautiques.fr\/index.php?rest_route=%2Fwp%2Fv2%2Fmedia&parent=3393"}],"wp:term":[{"taxonomy":"product_brand","embeddable":true,"href":"https:\/\/yes-solutionsbureautiques.fr\/index.php?rest_route=%2Fwp%2Fv2%2Fproduct_brand&post=3393"},{"taxonomy":"product_cat","embeddable":true,"href":"https:\/\/yes-solutionsbureautiques.fr\/index.php?rest_route=%2Fwp%2Fv2%2Fproduct_cat&post=3393"},{"taxonomy":"product_tag","embeddable":true,"href":"https:\/\/yes-solutionsbureautiques.fr\/index.php?rest_route=%2Fwp%2Fv2%2Fproduct_tag&post=3393"}],"curies":[{"name":"wp","href":"https:\/\/api.w.org\/{rel}","templated":true}]}}