{"id":3408,"date":"2025-02-20T08:59:15","date_gmt":"2025-02-20T07:59:15","guid":{"rendered":"https:\/\/yes-solutionsbureautiques.fr\/?product=epson-dorigine-c13t04a240-cartouche-encre-cyan-xxl"},"modified":"2026-03-30T12:14:58","modified_gmt":"2026-03-30T10:14:58","slug":"epson-dorigine-c13t04a240-cartouche-encre-cyan-xxl","status":"publish","type":"product","link":"https:\/\/yes-solutionsbureautiques.fr\/?product=epson-dorigine-c13t04a240-cartouche-encre-cyan-xxl","title":{"rendered":"EPSON d&rsquo;origine C13T04A240  &#8211; Cartouche Encre Cyan XXL"},"content":{"rendered":"<p style=\"margin:0\"><span style=\"font-family:Arial;font-size:10pt;font-weight:bold;color:#000000\">Epson T04A2 (C13T04A240) : Cartouche d&rsquo;encre cyan XXL pour 8.000 pages. Valable pour Epson WorkForce Pro s\u00e9rie WF-C8190, WF-C8690. Consommables \u00e0 la marque Epson. La dur\u00e9e de vie d&rsquo;une cartouche d&rsquo;encre est calcul\u00e9e sur la base d&rsquo;une impression standard au format A4 avec un taux de couverture de 5 % par couleur.<\/span><\/p>\n","protected":false},"excerpt":{"rendered":"<p>Epson T04A2 (C13T04A240) : Cartouche d&rsquo;encre cyan XXL pour 8.000 pages. Valable pour Epson WorkForce Pro s\u00e9rie WF-C8190, WF-C8690. Consommables \u00e0 la marque Epson. La dur\u00e9e de vie d&rsquo;une cartouche d&rsquo;encre est calcul\u00e9e sur la base d&rsquo;une impression standard au format A4 avec un taux de couverture de 5 % par couleur.<\/p>\n","protected":false},"featured_media":5920,"template":"","meta":[],"product_brand":[],"product_cat":[42,31],"product_tag":[],"class_list":{"0":"post-3408","1":"product","2":"type-product","3":"status-publish","4":"has-post-thumbnail","6":"product_cat-im-consommable","7":"product_cat-impression","9":"first","10":"instock","11":"sale","12":"taxable","13":"shipping-taxable","14":"purchasable","15":"product-type-simple"},"_links":{"self":[{"href":"https:\/\/yes-solutionsbureautiques.fr\/index.php?rest_route=\/wp\/v2\/product\/3408","targetHints":{"allow":["GET"]}}],"collection":[{"href":"https:\/\/yes-solutionsbureautiques.fr\/index.php?rest_route=\/wp\/v2\/product"}],"about":[{"href":"https:\/\/yes-solutionsbureautiques.fr\/index.php?rest_route=\/wp\/v2\/types\/product"}],"version-history":[{"count":1,"href":"https:\/\/yes-solutionsbureautiques.fr\/index.php?rest_route=\/wp\/v2\/product\/3408\/revisions"}],"predecessor-version":[{"id":3479,"href":"https:\/\/yes-solutionsbureautiques.fr\/index.php?rest_route=\/wp\/v2\/product\/3408\/revisions\/3479"}],"wp:featuredmedia":[{"embeddable":true,"href":"https:\/\/yes-solutionsbureautiques.fr\/index.php?rest_route=\/wp\/v2\/media\/5920"}],"wp:attachment":[{"href":"https:\/\/yes-solutionsbureautiques.fr\/index.php?rest_route=%2Fwp%2Fv2%2Fmedia&parent=3408"}],"wp:term":[{"taxonomy":"product_brand","embeddable":true,"href":"https:\/\/yes-solutionsbureautiques.fr\/index.php?rest_route=%2Fwp%2Fv2%2Fproduct_brand&post=3408"},{"taxonomy":"product_cat","embeddable":true,"href":"https:\/\/yes-solutionsbureautiques.fr\/index.php?rest_route=%2Fwp%2Fv2%2Fproduct_cat&post=3408"},{"taxonomy":"product_tag","embeddable":true,"href":"https:\/\/yes-solutionsbureautiques.fr\/index.php?rest_route=%2Fwp%2Fv2%2Fproduct_tag&post=3408"}],"curies":[{"name":"wp","href":"https:\/\/api.w.org\/{rel}","templated":true}]}}