{"id":3410,"date":"2025-02-20T08:59:16","date_gmt":"2025-02-20T07:59:16","guid":{"rendered":"https:\/\/yes-solutionsbureautiques.fr\/?product=epson-t04a4-c13t04a440-dorigine-cartouche-encre-jaune-xxl"},"modified":"2026-03-30T12:14:59","modified_gmt":"2026-03-30T10:14:59","slug":"epson-t04a4-c13t04a440-dorigine-cartouche-encre-jaune-xxl","status":"publish","type":"product","link":"https:\/\/yes-solutionsbureautiques.fr\/?product=epson-t04a4-c13t04a440-dorigine-cartouche-encre-jaune-xxl","title":{"rendered":"EPSON T04A4 (C13T04A440) d&rsquo;origine- Cartouche Encre Jaune XXL"},"content":{"rendered":"<p style=\"margin:0\"><span style=\"font-family:Arial;font-size:10pt;font-weight:bold;color:#000000\">Epson T04A4 (C13T04A440) : Cartouche d&rsquo;encre jaune XXL pour 8.000 pages. Valable pour Epson WorkForce Pro s\u00e9rie WF-C8190, WF-C8690. Consommables \u00e0 la marque Epson. La dur\u00e9e de vie d&rsquo;une cartouche d&rsquo;encre est calcul\u00e9e sur la base d&rsquo;une impression standard au format A4 avec un taux de couverture de 5 % par couleur.<\/span><\/p>\n","protected":false},"excerpt":{"rendered":"<p>Epson T04A4 (C13T04A440) : Cartouche d&rsquo;encre jaune XXL pour 8.000 pages. Valable pour Epson WorkForce Pro s\u00e9rie WF-C8190, WF-C8690. Consommables \u00e0 la marque Epson. La dur\u00e9e de vie d&rsquo;une cartouche d&rsquo;encre est calcul\u00e9e sur la base d&rsquo;une impression standard au format A4 avec un taux de couverture de 5 % par couleur.<\/p>\n","protected":false},"featured_media":5921,"template":"","meta":[],"product_brand":[],"product_cat":[42,31],"product_tag":[],"class_list":{"0":"post-3410","1":"product","2":"type-product","3":"status-publish","4":"has-post-thumbnail","6":"product_cat-im-consommable","7":"product_cat-impression","9":"first","10":"instock","11":"sale","12":"taxable","13":"shipping-taxable","14":"purchasable","15":"product-type-simple"},"_links":{"self":[{"href":"https:\/\/yes-solutionsbureautiques.fr\/index.php?rest_route=\/wp\/v2\/product\/3410","targetHints":{"allow":["GET"]}}],"collection":[{"href":"https:\/\/yes-solutionsbureautiques.fr\/index.php?rest_route=\/wp\/v2\/product"}],"about":[{"href":"https:\/\/yes-solutionsbureautiques.fr\/index.php?rest_route=\/wp\/v2\/types\/product"}],"version-history":[{"count":1,"href":"https:\/\/yes-solutionsbureautiques.fr\/index.php?rest_route=\/wp\/v2\/product\/3410\/revisions"}],"predecessor-version":[{"id":3481,"href":"https:\/\/yes-solutionsbureautiques.fr\/index.php?rest_route=\/wp\/v2\/product\/3410\/revisions\/3481"}],"wp:featuredmedia":[{"embeddable":true,"href":"https:\/\/yes-solutionsbureautiques.fr\/index.php?rest_route=\/wp\/v2\/media\/5921"}],"wp:attachment":[{"href":"https:\/\/yes-solutionsbureautiques.fr\/index.php?rest_route=%2Fwp%2Fv2%2Fmedia&parent=3410"}],"wp:term":[{"taxonomy":"product_brand","embeddable":true,"href":"https:\/\/yes-solutionsbureautiques.fr\/index.php?rest_route=%2Fwp%2Fv2%2Fproduct_brand&post=3410"},{"taxonomy":"product_cat","embeddable":true,"href":"https:\/\/yes-solutionsbureautiques.fr\/index.php?rest_route=%2Fwp%2Fv2%2Fproduct_cat&post=3410"},{"taxonomy":"product_tag","embeddable":true,"href":"https:\/\/yes-solutionsbureautiques.fr\/index.php?rest_route=%2Fwp%2Fv2%2Fproduct_tag&post=3410"}],"curies":[{"name":"wp","href":"https:\/\/api.w.org\/{rel}","templated":true}]}}