{"id":4528,"date":"2025-02-24T15:14:48","date_gmt":"2025-02-24T14:14:48","guid":{"rendered":"https:\/\/yes-solutionsbureautiques.fr\/?product=conferencier-alcatel-1800-noir"},"modified":"2026-03-30T12:14:57","modified_gmt":"2026-03-30T10:14:57","slug":"conferencier-alcatel-1800-noir","status":"publish","type":"product","link":"https:\/\/yes-solutionsbureautiques.fr\/?product=conferencier-alcatel-1800-noir","title":{"rendered":"Conf\u00e9rencier Alcatel 1800 (noir)"},"content":{"rendered":"<p style=\"margin:0\"><span style=\"font-family:Arial;font-size:9.5pt;font-weight:bold\">Sans fil \u00b7 Avec affichage du num\u00e9ro de l&rsquo;appelant \u00b7 Avec r\u00e9duction du bruit \u00b7 Conf\u00e9rence<\/span><\/p>\n<p style=\"margin:0\">&nbsp;<\/p>\n<p style=\"margin:0\"><span style=\"font-family:Arial;font-size:9.5pt;font-weight:bold\">Le choix pr\u00e9f\u00e9r\u00e9 pour \u00e9quiper ses salles de conf\u00e9rence Superstores par la qualit\u00e9 audio et la technologie Full Duplex qui permet \u00e0 des conversations naturelles et fluides. Microphones sans fil Dect amovible Augmenter et optimiser la couverture de votre conf\u00e9rence t\u00e9l\u00e9phonique Merci aux 4 Dect Microphones d\u00e9tachables que vous pouvez placer selon les pr\u00e9f\u00e9rences des participants Alors que tout le monde \u00eatre entendu et ont parfaitement compris. pur son The Pure Sound Technology Garantit Crisp, Clear Sound. ultrasensibles Microphones sans fil pour le son surround \u00e0 360 \u00b0 et le Pr\u00e9sident puissant que chaque participant puisse \u00eatre facilement Comprise et participez. Mobilit\u00e9 Une simple solution compl\u00e8te sur les terminaux Conf\u00e9rence march\u00e9. Une solution qui vous donne maximum la mobilit\u00e9 et la libert\u00e9. Tous les participants peuvent \u00eatre plac\u00e9s librement dans la salle de conf\u00e9rence. Parlez sans \u00e9lever la voix ou en mouvement. Et participer activement \u00e0 la Conf\u00e9rence Modularit\u00e9 Notre solution Adapte conf\u00e9rence t\u00e9l\u00e9phonique. &#8211; La taille et la distribution de ses salles de r\u00e9union (U. Table rectangulaire Table carr\u00e9e) &#8211; Le type de r\u00e9union. Salle de conf\u00e9rence moyenne ou grande r\u00e9union &#8211; Notre terminal dispose \u00e9galement d&rsquo;une connexion unique module de ligne t\u00e9l\u00e9phonique et d&rsquo;alimentation pour minimiser c\u00e2blage et d&rsquo;installation pour optimiser Terminal.<\/span><\/p>\n","protected":false},"excerpt":{"rendered":"<p>Sans fil \u00b7 Avec affichage du num\u00e9ro de l&rsquo;appelant \u00b7 Avec r\u00e9duction du bruit \u00b7 Conf\u00e9rence &nbsp; Le choix pr\u00e9f\u00e9r\u00e9 pour \u00e9quiper ses salles de conf\u00e9rence Superstores par la qualit\u00e9 audio et la technologie Full Duplex qui permet \u00e0 des conversations naturelles et fluides. Microphones sans fil Dect amovible Augmenter et optimiser la couverture de [&hellip;]<\/p>\n","protected":false},"featured_media":5917,"template":"","meta":[],"product_brand":[],"product_cat":[41,43],"product_tag":[],"class_list":{"0":"post-4528","1":"product","2":"type-product","3":"status-publish","4":"has-post-thumbnail","6":"product_cat-audio-visuel","7":"product_cat-av-materiel","9":"first","10":"instock","11":"sale","12":"taxable","13":"shipping-taxable","14":"purchasable","15":"product-type-simple"},"_links":{"self":[{"href":"https:\/\/yes-solutionsbureautiques.fr\/index.php?rest_route=\/wp\/v2\/product\/4528","targetHints":{"allow":["GET"]}}],"collection":[{"href":"https:\/\/yes-solutionsbureautiques.fr\/index.php?rest_route=\/wp\/v2\/product"}],"about":[{"href":"https:\/\/yes-solutionsbureautiques.fr\/index.php?rest_route=\/wp\/v2\/types\/product"}],"version-history":[{"count":1,"href":"https:\/\/yes-solutionsbureautiques.fr\/index.php?rest_route=\/wp\/v2\/product\/4528\/revisions"}],"predecessor-version":[{"id":4768,"href":"https:\/\/yes-solutionsbureautiques.fr\/index.php?rest_route=\/wp\/v2\/product\/4528\/revisions\/4768"}],"wp:featuredmedia":[{"embeddable":true,"href":"https:\/\/yes-solutionsbureautiques.fr\/index.php?rest_route=\/wp\/v2\/media\/5917"}],"wp:attachment":[{"href":"https:\/\/yes-solutionsbureautiques.fr\/index.php?rest_route=%2Fwp%2Fv2%2Fmedia&parent=4528"}],"wp:term":[{"taxonomy":"product_brand","embeddable":true,"href":"https:\/\/yes-solutionsbureautiques.fr\/index.php?rest_route=%2Fwp%2Fv2%2Fproduct_brand&post=4528"},{"taxonomy":"product_cat","embeddable":true,"href":"https:\/\/yes-solutionsbureautiques.fr\/index.php?rest_route=%2Fwp%2Fv2%2Fproduct_cat&post=4528"},{"taxonomy":"product_tag","embeddable":true,"href":"https:\/\/yes-solutionsbureautiques.fr\/index.php?rest_route=%2Fwp%2Fv2%2Fproduct_tag&post=4528"}],"curies":[{"name":"wp","href":"https:\/\/api.w.org\/{rel}","templated":true}]}}