{"id":4530,"date":"2025-02-24T15:14:49","date_gmt":"2025-02-24T14:14:49","guid":{"rendered":"https:\/\/yes-solutionsbureautiques.fr\/?product=conferencier-alcatel-ip1850-noir"},"modified":"2026-03-30T12:14:57","modified_gmt":"2026-03-30T10:14:57","slug":"conferencier-alcatel-ip1850-noir","status":"publish","type":"product","link":"https:\/\/yes-solutionsbureautiques.fr\/?product=conferencier-alcatel-ip1850-noir","title":{"rendered":"Conf\u00e9rencier Alcatel IP1850 (noir)"},"content":{"rendered":"<p style=\"margin:0\"><span style=\"font-family:Arial;font-size:9.5pt;font-weight:bold\">Sans fil \u00b7 Avec affichage du num\u00e9ro de l&rsquo;appelant \u00b7 Bluetooth \u00b7 Avec r\u00e9duction du bruit \u00b7 Conf\u00e9rence<\/span><\/p>\n<p style=\"margin:0\">&nbsp;<\/p>\n<p style=\"margin:0\"><span style=\"font-family:Arial;font-size:9.5pt;font-weight:bold\">L&rsquo;Alcatel Conference IP1850 est un terminal de conf\u00e9rence assurant des performances accrues et des fonctionnalit\u00e9s uniques comme les microphones DECT d\u00e9tachables. Ce qui permet davantage de mobilit\u00e9, la modularit\u00e9 ainsi que la flexibilit\u00e9.<\/span><\/p>\n<p style=\"margin:0\">\n","protected":false},"excerpt":{"rendered":"<p>Sans fil \u00b7 Avec affichage du num\u00e9ro de l&rsquo;appelant \u00b7 Bluetooth \u00b7 Avec r\u00e9duction du bruit \u00b7 Conf\u00e9rence &nbsp; L&rsquo;Alcatel Conference IP1850 est un terminal de conf\u00e9rence assurant des performances accrues et des fonctionnalit\u00e9s uniques comme les microphones DECT d\u00e9tachables. Ce qui permet davantage de mobilit\u00e9, la modularit\u00e9 ainsi que la flexibilit\u00e9.<\/p>\n","protected":false},"featured_media":5918,"template":"","meta":[],"product_brand":[],"product_cat":[41,43],"product_tag":[],"class_list":{"0":"post-4530","1":"product","2":"type-product","3":"status-publish","4":"has-post-thumbnail","6":"product_cat-audio-visuel","7":"product_cat-av-materiel","9":"first","10":"instock","11":"sale","12":"taxable","13":"shipping-taxable","14":"purchasable","15":"product-type-simple"},"_links":{"self":[{"href":"https:\/\/yes-solutionsbureautiques.fr\/index.php?rest_route=\/wp\/v2\/product\/4530","targetHints":{"allow":["GET"]}}],"collection":[{"href":"https:\/\/yes-solutionsbureautiques.fr\/index.php?rest_route=\/wp\/v2\/product"}],"about":[{"href":"https:\/\/yes-solutionsbureautiques.fr\/index.php?rest_route=\/wp\/v2\/types\/product"}],"version-history":[{"count":1,"href":"https:\/\/yes-solutionsbureautiques.fr\/index.php?rest_route=\/wp\/v2\/product\/4530\/revisions"}],"predecessor-version":[{"id":4770,"href":"https:\/\/yes-solutionsbureautiques.fr\/index.php?rest_route=\/wp\/v2\/product\/4530\/revisions\/4770"}],"wp:featuredmedia":[{"embeddable":true,"href":"https:\/\/yes-solutionsbureautiques.fr\/index.php?rest_route=\/wp\/v2\/media\/5918"}],"wp:attachment":[{"href":"https:\/\/yes-solutionsbureautiques.fr\/index.php?rest_route=%2Fwp%2Fv2%2Fmedia&parent=4530"}],"wp:term":[{"taxonomy":"product_brand","embeddable":true,"href":"https:\/\/yes-solutionsbureautiques.fr\/index.php?rest_route=%2Fwp%2Fv2%2Fproduct_brand&post=4530"},{"taxonomy":"product_cat","embeddable":true,"href":"https:\/\/yes-solutionsbureautiques.fr\/index.php?rest_route=%2Fwp%2Fv2%2Fproduct_cat&post=4530"},{"taxonomy":"product_tag","embeddable":true,"href":"https:\/\/yes-solutionsbureautiques.fr\/index.php?rest_route=%2Fwp%2Fv2%2Fproduct_tag&post=4530"}],"curies":[{"name":"wp","href":"https:\/\/api.w.org\/{rel}","templated":true}]}}